{"id":2675,"date":"2026-02-01T14:39:58","date_gmt":"2026-02-01T14:39:58","guid":{"rendered":"https:\/\/drjaimebracho.com\/?post_type=product&#038;p=2675"},"modified":"2026-02-01T14:45:17","modified_gmt":"2026-02-01T14:45:17","slug":"vox-rehab-ra-la-revolucion-accesible-en-el-cuidado-de-las-patologias-de-la-comunicacion-humana-2","status":"publish","type":"product","link":"https:\/\/drjaimebracho.com\/en\/product\/vox-rehab-ra-la-revolucion-accesible-en-el-cuidado-de-las-patologias-de-la-comunicacion-humana-2\/","title":{"rendered":"Vox Rehab RA: La Revoluci\u00f3n Accesible en el Cuidado de las Patolog\u00edas de la Comunicaci\u00f3n Humana"},"content":{"rendered":"<p>Presentamos VoxRehab RA, la primera herramienta terap\u00e9utica basada en realidad aumentada accesible, desarrollada por el Dr. Jaime Bracho, m\u00e9dico otorrinolaring\u00f3logo y foniatra con m\u00e1s de 20 a\u00f1os de experiencia cl\u00ednica.<\/p>\n<p><img decoding=\"async\" role=\"img\" class=\"emoji\" src=\"https:\/\/s.w.org\/images\/core\/emoji\/17.0.2\/svg\/2705.svg\" alt=\"&#x2705;\"> Funciona directamente en su tel\u00e9fono inteligente: sin gafas, sin hardware costoso.<\/p>\n<p><img decoding=\"async\" role=\"img\" class=\"emoji\" src=\"https:\/\/s.w.org\/images\/core\/emoji\/17.0.2\/svg\/2705.svg\" alt=\"&#x2705;\"> Solo por una subscripcion de USD $5 anuales: la rehabilitaci\u00f3n m\u00e1s asequible del mundo.<\/p>\n<p><img decoding=\"async\" role=\"img\" class=\"emoji\" src=\"https:\/\/s.w.org\/images\/core\/emoji\/17.0.2\/svg\/2705.svg\" alt=\"&#x2705;\"> Disponible en 6 idiomas: espa\u00f1ol, ingl\u00e9s, franc\u00e9s, portugu\u00e9s, \u00e1rabe y chino.<\/p>\n<p><img decoding=\"async\" role=\"img\" class=\"emoji\" src=\"https:\/\/s.w.org\/images\/core\/emoji\/17.0.2\/svg\/2705.svg\" alt=\"&#x2705;\"> Cubre +15 patolog\u00edas: n\u00f3dulos vocales, disfon\u00edas, afasias, tartamudez, TDAH, TEA, dislexia, ac\u00fafenos, hipoacusias y m\u00e1s.<\/p>\n<p><img decoding=\"async\" role=\"img\" class=\"emoji\" src=\"https:\/\/s.w.org\/images\/core\/emoji\/17.0.2\/svg\/2705.svg\" alt=\"&#x2705;\"> Ejercicios guiados con retroalimentaci\u00f3n en tiempo real mediante WebXR y an\u00e1lisis ac\u00fastico inteligente.<\/p>\n<p><img decoding=\"async\" role=\"img\" class=\"emoji\" src=\"https:\/\/s.w.org\/images\/core\/emoji\/17.0.2\/svg\/2705.svg\" alt=\"&#x2705;\"> Ideal para pacientes, familias, docentes y profesionales de la salud en zonas urbanas o remotas.<\/p>\n<p>Este ebook digital incluye:<\/p>\n<p>Gu\u00eda completa de uso de VoxRehab RA<\/p>\n<p>Descripci\u00f3n cl\u00ednica de cada patolog\u00eda<\/p>\n<p>Protocolos de ejercicios personalizados<\/p>\n<p>Instrucciones paso a paso para comenzar en minutos<\/p>\n<p>Acceso inmediato tras la compra. Compatible con iPhone y Android.<\/p>\n<p>No es un m\u00e9dico sustituto, sino un poderoso aliado terap\u00e9utico validado cient\u00edficamente.<\/p>\n<p><img decoding=\"async\" role=\"img\" class=\"emoji\" src=\"https:\/\/s.w.org\/images\/core\/emoji\/17.0.2\/svg\/1f31f.svg\" alt=\"&#x1f31f;\"> democratizamos la salud de la comunicaci\u00f3n humana. Porque todos merecen una segunda oportunidad para hablar, escuchar y conectarse.<\/p>","protected":false},"excerpt":{"rendered":"<p>Presentamos VoxRehab RA, la primera herramienta terap\u00e9utica basada en realidad aumentada accesible, desarrollada por el Dr. Jaime Bracho, m\u00e9dico otorrinolaring\u00f3logo y foniatra con m\u00e1s de 20 a\u00f1os de experiencia cl\u00ednica. Funciona directamente en su tel\u00e9fono inteligente: sin gafas, sin hardware costoso. Solo por una subscripcion de USD $5 anuales: la rehabilitaci\u00f3n m\u00e1s asequible del mundo.&hellip;&nbsp;<\/p>\n<div class=\"read-more-wrapper\"><a href=\"https:\/\/drjaimebracho.com\/en\/product\/vox-rehab-ra-la-revolucion-accesible-en-el-cuidado-de-las-patologias-de-la-comunicacion-humana-2\/\" class=\"button button-primary\" rel=\"bookmark\">Read More<span class=\"screen-reader-text\">Vox Rehab RA: La Revoluci\u00f3n Accesible en el Cuidado de las Patolog\u00edas de la Comunicaci\u00f3n Humana<\/span><\/a><\/div>","protected":false},"featured_media":2676,"comment_status":"open","ping_status":"closed","template":"","meta":{"neve_meta_sidebar":"","neve_meta_container":"","neve_meta_enable_content_width":"","neve_meta_content_width":0,"neve_meta_title_alignment":"","neve_meta_author_avatar":"","neve_post_elements_order":"","neve_meta_disable_header":"","neve_meta_disable_footer":"","neve_meta_disable_title":"","neve_meta_reading_time":""},"product_brand":[],"product_cat":[33],"product_tag":[],"class_list":{"0":"post-2675","1":"product","2":"type-product","3":"status-publish","4":"has-post-thumbnail","6":"product_cat-sin-categorizar","8":"first","9":"instock","10":"downloadable","11":"shipping-taxable","12":"purchasable","13":"product-type-simple"},"_links":{"self":[{"href":"https:\/\/drjaimebracho.com\/en\/wp-json\/wp\/v2\/product\/2675","targetHints":{"allow":["GET"]}}],"collection":[{"href":"https:\/\/drjaimebracho.com\/en\/wp-json\/wp\/v2\/product"}],"about":[{"href":"https:\/\/drjaimebracho.com\/en\/wp-json\/wp\/v2\/types\/product"}],"replies":[{"embeddable":true,"href":"https:\/\/drjaimebracho.com\/en\/wp-json\/wp\/v2\/comments?post=2675"}],"version-history":[{"count":2,"href":"https:\/\/drjaimebracho.com\/en\/wp-json\/wp\/v2\/product\/2675\/revisions"}],"predecessor-version":[{"id":2678,"href":"https:\/\/drjaimebracho.com\/en\/wp-json\/wp\/v2\/product\/2675\/revisions\/2678"}],"wp:featuredmedia":[{"embeddable":true,"href":"https:\/\/drjaimebracho.com\/en\/wp-json\/wp\/v2\/media\/2676"}],"wp:attachment":[{"href":"https:\/\/drjaimebracho.com\/en\/wp-json\/wp\/v2\/media?parent=2675"}],"wp:term":[{"taxonomy":"product_brand","embeddable":true,"href":"https:\/\/drjaimebracho.com\/en\/wp-json\/wp\/v2\/product_brand?post=2675"},{"taxonomy":"product_cat","embeddable":true,"href":"https:\/\/drjaimebracho.com\/en\/wp-json\/wp\/v2\/product_cat?post=2675"},{"taxonomy":"product_tag","embeddable":true,"href":"https:\/\/drjaimebracho.com\/en\/wp-json\/wp\/v2\/product_tag?post=2675"}],"curies":[{"name":"wp","href":"https:\/\/api.w.org\/{rel}","templated":true}]}}