{"id":2669,"date":"2026-01-25T19:02:21","date_gmt":"2026-01-25T19:02:21","guid":{"rendered":"https:\/\/drjaimebracho.com\/?post_type=product&#038;p=2669"},"modified":"2026-01-25T19:30:16","modified_gmt":"2026-01-25T19:30:16","slug":"el-desafio-y-la-oportunidad-en-venezuela-estrategias-para-la-reconstruccion","status":"publish","type":"product","link":"https:\/\/drjaimebracho.com\/en\/product\/el-desafio-y-la-oportunidad-en-venezuela-estrategias-para-la-reconstruccion\/","title":{"rendered":"El Desaf\u00edo y la Oportunidad en Venezuela: Estrategias para la Reconstrucci\u00f3n"},"content":{"rendered":"<p>El Desaf\u00edo y la Oportunidad en Venezuela: Reflexiones sobre el Presente y Futuro<br \/>Este libro ofrece una mirada profunda y equilibrada a la\u00a0<strong>compleja realidad de Venezuela<\/strong>, explorando tanto los\u00a0<strong>desaf\u00edos significativos<\/strong>\u00a0que enfrenta la naci\u00f3n como las\u00a0<strong>oportunidades latentes<\/strong>\u00a0para su recuperaci\u00f3n y desarrollo. A trav\u00e9s de un an\u00e1lisis perspicaz, se abordan temas cruciales como la econom\u00eda, la sociedad y el futuro pol\u00edtico, proporcionando una visi\u00f3n integral para entender el contexto actual.<br \/>\u00abEl Desaf\u00edo y la Oportunidad en Venezuela\u00bb no solo diagnostica los problemas, sino que tambi\u00e9n propone\u00a0<strong>reflexiones constructivas y caminos posibles<\/strong>\u00a0hacia una Venezuela m\u00e1s pr\u00f3spera y estable. Es una lectura esencial para quienes buscan comprender m\u00e1s all\u00e1 de los titulares, ofreciendo un enfoque esperanzador sin ignorar las dificultades. Ideal para acad\u00e9micos, analistas, inversores y cualquier persona interesada en el porvenir de este pa\u00eds sudamericano.<\/p>","protected":false},"excerpt":{"rendered":"<p>El Desaf\u00edo y la Oportunidad en Venezuela: Reflexiones sobre el Presente y FuturoEste libro ofrece una mirada profunda y equilibrada a la\u00a0compleja realidad de Venezuela, explorando tanto los\u00a0desaf\u00edos significativos\u00a0que enfrenta la naci\u00f3n como las\u00a0oportunidades latentes\u00a0para su recuperaci\u00f3n y desarrollo. A trav\u00e9s de un an\u00e1lisis perspicaz, se abordan temas cruciales como la econom\u00eda, la sociedad y&hellip;&nbsp;<\/p>\n<div class=\"read-more-wrapper\"><a href=\"https:\/\/drjaimebracho.com\/en\/product\/el-desafio-y-la-oportunidad-en-venezuela-estrategias-para-la-reconstruccion\/\" class=\"button button-primary\" rel=\"bookmark\">Read More<span class=\"screen-reader-text\">El Desaf\u00edo y la Oportunidad en Venezuela: Estrategias para la Reconstrucci\u00f3n<\/span><\/a><\/div>","protected":false},"featured_media":2673,"comment_status":"open","ping_status":"closed","template":"","meta":{"neve_meta_sidebar":"","neve_meta_container":"","neve_meta_enable_content_width":"","neve_meta_content_width":0,"neve_meta_title_alignment":"","neve_meta_author_avatar":"","neve_post_elements_order":"","neve_meta_disable_header":"","neve_meta_disable_footer":"","neve_meta_disable_title":"","neve_meta_reading_time":""},"product_brand":[],"product_cat":[33],"product_tag":[],"class_list":{"0":"post-2669","1":"product","2":"type-product","3":"status-publish","4":"has-post-thumbnail","6":"product_cat-sin-categorizar","8":"first","9":"instock","10":"shipping-taxable","11":"purchasable","12":"product-type-simple"},"_links":{"self":[{"href":"https:\/\/drjaimebracho.com\/en\/wp-json\/wp\/v2\/product\/2669","targetHints":{"allow":["GET"]}}],"collection":[{"href":"https:\/\/drjaimebracho.com\/en\/wp-json\/wp\/v2\/product"}],"about":[{"href":"https:\/\/drjaimebracho.com\/en\/wp-json\/wp\/v2\/types\/product"}],"replies":[{"embeddable":true,"href":"https:\/\/drjaimebracho.com\/en\/wp-json\/wp\/v2\/comments?post=2669"}],"version-history":[{"count":1,"href":"https:\/\/drjaimebracho.com\/en\/wp-json\/wp\/v2\/product\/2669\/revisions"}],"predecessor-version":[{"id":2672,"href":"https:\/\/drjaimebracho.com\/en\/wp-json\/wp\/v2\/product\/2669\/revisions\/2672"}],"wp:featuredmedia":[{"embeddable":true,"href":"https:\/\/drjaimebracho.com\/en\/wp-json\/wp\/v2\/media\/2673"}],"wp:attachment":[{"href":"https:\/\/drjaimebracho.com\/en\/wp-json\/wp\/v2\/media?parent=2669"}],"wp:term":[{"taxonomy":"product_brand","embeddable":true,"href":"https:\/\/drjaimebracho.com\/en\/wp-json\/wp\/v2\/product_brand?post=2669"},{"taxonomy":"product_cat","embeddable":true,"href":"https:\/\/drjaimebracho.com\/en\/wp-json\/wp\/v2\/product_cat?post=2669"},{"taxonomy":"product_tag","embeddable":true,"href":"https:\/\/drjaimebracho.com\/en\/wp-json\/wp\/v2\/product_tag?post=2669"}],"curies":[{"name":"wp","href":"https:\/\/api.w.org\/{rel}","templated":true}]}}