{"id":2344,"date":"2025-07-12T18:09:01","date_gmt":"2025-07-12T18:09:01","guid":{"rendered":"https:\/\/drjaimebracho.com\/?post_type=product&#038;p=2344"},"modified":"2026-01-04T19:45:31","modified_gmt":"2026-01-04T19:45:31","slug":"_la-voz-al-limite_-diagnostico-y-recuperacion-para-profesionales-del-sonido_","status":"publish","type":"product","link":"https:\/\/drjaimebracho.com\/en\/product\/_la-voz-al-limite_-diagnostico-y-recuperacion-para-profesionales-del-sonido_\/","title":{"rendered":"_La voz al Limite_ Diagnostico y Recuperaci\u00f3n para profesionales del sonido_"},"content":{"rendered":"<p>En \u00bb\u00a0<strong>La Voz al L\u00edmite\u00a0<\/strong>\u00ab, descubrir\u00e1s las causas comunes del desgaste vocal en entornos profesionales, desde la fatiga y la afon\u00eda hasta problemas m\u00e1s complejos. Aprender\u00e1s a identificar las se\u00f1ales de alerta temprana y, lo m\u00e1s importante, encontrar\u00e1s estrategias pr\u00e1cticas y comprobadas para:<br \/><strong>Diagnosticar\u00a0<\/strong>los problemas vocales espec\u00edficos relacionados con tu profesi\u00f3n.<br \/><strong>Recuperar\u00a0<\/strong>la salud y el rendimiento \u00f3ptimo de tu voz.<br \/><strong>Prevenir\u00a0<\/strong>futuras lesiones con t\u00e9cnicas de cuidado y calentamiento adecuadas.<br \/>Escrito por los expertos en salud vocal, Dr. Jaime A. Bracho O,este E-Book te ofrece un enfoque claro y directo, lleno de consejos aplicables de inmediato para que tu voz no solo sobreviva, sino que\u00a0<strong>brille\u00a0<\/strong>al m\u00e1ximo nivel. No dejes que el silencio sea tu \u00fanica opci\u00f3n.<\/p>","protected":false},"excerpt":{"rendered":"<p>La Voz al L\u00edmite: Diagn\u00f3stico y Recuperaci\u00f3n para Profesionales del Sonido<\/p>\n<p>\u00bfEres un\u00a0<strong>profesional del sonido\u00a0<\/strong>, un\u00a0<strong>cantante\u00a0<\/strong>o alguien que utiliza su voz intensivamente y sientes que est\u00e1 al l\u00edmite? Este libro es tu gu\u00eda esencial para comprender, diagnosticar y recuperar tu herramienta m\u00e1s valiosa:\u00a0<strong>tu voz\u00a0<\/strong>.<\/p>","protected":false},"featured_media":2345,"comment_status":"open","ping_status":"closed","template":"","meta":{"neve_meta_sidebar":"","neve_meta_container":"","neve_meta_enable_content_width":"","neve_meta_content_width":0,"neve_meta_title_alignment":"","neve_meta_author_avatar":"","neve_post_elements_order":"","neve_meta_disable_header":"","neve_meta_disable_footer":"","neve_meta_disable_title":"","neve_meta_reading_time":""},"product_brand":[78],"product_cat":[70,53,38,55,69,41,44,33],"product_tag":[40,39],"class_list":{"0":"post-2344","1":"product","2":"type-product","3":"status-publish","4":"has-post-thumbnail","6":"product_brand-https-drjaimebracho-com","7":"product_cat-actores","8":"product_cat-cantantes","9":"product_cat-conferencistas","10":"product_cat-hiatus-glotico","11":"product_cat-locutores","12":"product_cat-oradores","13":"product_cat-periodista","14":"product_cat-sin-categorizar","15":"product_tag-entrenamientovocal","16":"product_tag-oratoriaprofesional","18":"first","19":"instock","20":"downloadable","21":"shipping-taxable","22":"purchasable","23":"product-type-simple"},"_links":{"self":[{"href":"https:\/\/drjaimebracho.com\/en\/wp-json\/wp\/v2\/product\/2344","targetHints":{"allow":["GET"]}}],"collection":[{"href":"https:\/\/drjaimebracho.com\/en\/wp-json\/wp\/v2\/product"}],"about":[{"href":"https:\/\/drjaimebracho.com\/en\/wp-json\/wp\/v2\/types\/product"}],"replies":[{"embeddable":true,"href":"https:\/\/drjaimebracho.com\/en\/wp-json\/wp\/v2\/comments?post=2344"}],"version-history":[{"count":1,"href":"https:\/\/drjaimebracho.com\/en\/wp-json\/wp\/v2\/product\/2344\/revisions"}],"predecessor-version":[{"id":2346,"href":"https:\/\/drjaimebracho.com\/en\/wp-json\/wp\/v2\/product\/2344\/revisions\/2346"}],"wp:featuredmedia":[{"embeddable":true,"href":"https:\/\/drjaimebracho.com\/en\/wp-json\/wp\/v2\/media\/2345"}],"wp:attachment":[{"href":"https:\/\/drjaimebracho.com\/en\/wp-json\/wp\/v2\/media?parent=2344"}],"wp:term":[{"taxonomy":"product_brand","embeddable":true,"href":"https:\/\/drjaimebracho.com\/en\/wp-json\/wp\/v2\/product_brand?post=2344"},{"taxonomy":"product_cat","embeddable":true,"href":"https:\/\/drjaimebracho.com\/en\/wp-json\/wp\/v2\/product_cat?post=2344"},{"taxonomy":"product_tag","embeddable":true,"href":"https:\/\/drjaimebracho.com\/en\/wp-json\/wp\/v2\/product_tag?post=2344"}],"curies":[{"name":"wp","href":"https:\/\/api.w.org\/{rel}","templated":true}]}}