{"id":2123,"date":"2025-05-25T14:45:02","date_gmt":"2025-05-25T14:45:02","guid":{"rendered":"https:\/\/drjaimebracho.com\/?post_type=product&#038;p=2123"},"modified":"2025-05-28T23:56:23","modified_gmt":"2025-05-28T23:56:23","slug":"aplicacion-del-ultrasonido-terapeutico-en-disfonia-por-nodulos-vocales-como-curar-la-ronquera-por-nodulos-vocales","status":"publish","type":"product","link":"https:\/\/drjaimebracho.com\/en\/product\/aplicacion-del-ultrasonido-terapeutico-en-disfonia-por-nodulos-vocales-como-curar-la-ronquera-por-nodulos-vocales\/","title":{"rendered":"Aplicaci\u00f3n del ultrasonido terap\u00e9utico en disfonia por n\u00f3dulos vocales: Como curar la ronquera por nodulos vocales"},"content":{"rendered":"<p>Los <strong>n\u00f3dulos vocales<\/strong> son una patolog\u00eda com\u00fan en profesionales de la voz como cantantes, docentes y locutores. En Venezuela, el tratamiento actual se enfoca en la rehabilitaci\u00f3n no quir\u00fargica, utilizando <strong>ultrasonido terap\u00e9utico<\/strong> en 12 sesiones, combinado con ejercicios de voz y respiraci\u00f3n. Este m\u00e9todo busca disolver la inflamaci\u00f3n y evitar la cirug\u00eda, demostrando ser un enfoque efectivo y eficiente para las disfon\u00edas causadas por n\u00f3dulos vocales.<\/p>","protected":false},"excerpt":{"rendered":"<p>Los n\u00f3dulos vocales es la patolog\u00eda de la voz, m\u00e1s frecuente en las personas que utiliza el aparato fonador como mecanismo de trabajo, como son: los cantantes, docentes, periodista, locutores, actores, m\u00fasicos, etc. Actualmente hoy en venezuela no se opera los n\u00f3dulos vocales son rehabilitado con la t\u00e9cnica del ultrasonido terap\u00e9utico, la cual se aplica durante doce sesiones, interdiaria durante un mes, conjuntamente con ejercicios de voz y respiraci\u00f3n, disolviendo en su totalidad este proceso inflamatorio y as\u00ed evitado un proceso quir\u00fargico que pas\u00f3 a la historia del tratamiento en los n\u00f3dulos vocales. Su efectividad y eficiencia hace que esta t\u00e9cnica se tome en cuenta en el momento del tratamiento en las Disfonia por n\u00f3dulos vocales.<\/p>","protected":false},"featured_media":2124,"comment_status":"open","ping_status":"closed","template":"","meta":{"neve_meta_sidebar":"","neve_meta_container":"","neve_meta_enable_content_width":"","neve_meta_content_width":0,"neve_meta_title_alignment":"","neve_meta_author_avatar":"","neve_post_elements_order":"","neve_meta_disable_header":"","neve_meta_disable_footer":"","neve_meta_disable_title":"","neve_meta_reading_time":""},"product_brand":[],"product_cat":[33],"product_tag":[],"class_list":{"0":"post-2123","1":"product","2":"type-product","3":"status-publish","4":"has-post-thumbnail","6":"product_cat-sin-categorizar","8":"first","9":"instock","10":"downloadable","11":"shipping-taxable","12":"purchasable","13":"product-type-simple"},"_links":{"self":[{"href":"https:\/\/drjaimebracho.com\/en\/wp-json\/wp\/v2\/product\/2123","targetHints":{"allow":["GET"]}}],"collection":[{"href":"https:\/\/drjaimebracho.com\/en\/wp-json\/wp\/v2\/product"}],"about":[{"href":"https:\/\/drjaimebracho.com\/en\/wp-json\/wp\/v2\/types\/product"}],"replies":[{"embeddable":true,"href":"https:\/\/drjaimebracho.com\/en\/wp-json\/wp\/v2\/comments?post=2123"}],"version-history":[{"count":1,"href":"https:\/\/drjaimebracho.com\/en\/wp-json\/wp\/v2\/product\/2123\/revisions"}],"predecessor-version":[{"id":2125,"href":"https:\/\/drjaimebracho.com\/en\/wp-json\/wp\/v2\/product\/2123\/revisions\/2125"}],"wp:featuredmedia":[{"embeddable":true,"href":"https:\/\/drjaimebracho.com\/en\/wp-json\/wp\/v2\/media\/2124"}],"wp:attachment":[{"href":"https:\/\/drjaimebracho.com\/en\/wp-json\/wp\/v2\/media?parent=2123"}],"wp:term":[{"taxonomy":"product_brand","embeddable":true,"href":"https:\/\/drjaimebracho.com\/en\/wp-json\/wp\/v2\/product_brand?post=2123"},{"taxonomy":"product_cat","embeddable":true,"href":"https:\/\/drjaimebracho.com\/en\/wp-json\/wp\/v2\/product_cat?post=2123"},{"taxonomy":"product_tag","embeddable":true,"href":"https:\/\/drjaimebracho.com\/en\/wp-json\/wp\/v2\/product_tag?post=2123"}],"curies":[{"name":"wp","href":"https:\/\/api.w.org\/{rel}","templated":true}]}}