{"id":2012,"date":"2025-04-27T18:50:11","date_gmt":"2025-04-27T18:50:11","guid":{"rendered":"https:\/\/drjaimebracho.com\/?post_type=product&#038;p=2012"},"modified":"2026-01-30T10:53:05","modified_gmt":"2026-01-30T10:53:05","slug":"voz-de-titanio","status":"publish","type":"product","link":"https:\/\/drjaimebracho.com\/en\/product\/voz-de-titanio\/","title":{"rendered":"Voz de Titanio"},"content":{"rendered":"<p>La voz humana es una de las herramientas m\u00e1s poderosas de expresi\u00f3n art\u00edstica. Para un cantante, locutor o actor, representa no solo su medio de trabajo, sino una extensi\u00f3n \u00edntima de su identidad. Lo que muchos ignoran es que, a diferencia de un instrumento externo como una guitarra o un piano,\u00a0<strong>la voz est\u00e1 viva, cambia, se adapta y tambi\u00e9n se lesiona<\/strong>.<br \/><strong>\u00bfQu\u00e9 es la voz?<\/strong><br \/>La voz es el sonido producido por la vibraci\u00f3n de las cuerdas vocales dentro de la laringe, al pasar el aire desde los pulmones. Esta vibraci\u00f3n genera una onda sonora que luego es modulada por la resonancia de la faringe, la boca y la nariz. En t\u00e9rminos simples: los pulmones soplan, las cuerdas vocales vibran y las cavidades amplifican.<\/p>","protected":false},"excerpt":{"rendered":"<p>Gu\u00eda Definitiva para Cuidar tu Voz y O\u00eddos como un Profesional<\/p>","protected":false},"featured_media":2013,"comment_status":"open","ping_status":"closed","template":"","meta":{"neve_meta_sidebar":"","neve_meta_container":"","neve_meta_enable_content_width":"","neve_meta_content_width":0,"neve_meta_title_alignment":"","neve_meta_author_avatar":"","neve_post_elements_order":"","neve_meta_disable_header":"","neve_meta_disable_footer":"","neve_meta_disable_title":"","neve_meta_reading_time":""},"product_brand":[],"product_cat":[70,53,38,69,41,44,51],"product_tag":[40,39,45,54,47,43],"class_list":{"0":"post-2012","1":"product","2":"type-product","3":"status-publish","4":"has-post-thumbnail","6":"product_cat-actores","7":"product_cat-cantantes","8":"product_cat-conferencistas","9":"product_cat-locutores","10":"product_cat-oradores","11":"product_cat-periodista","12":"product_cat-profesionales-de-la-voz","13":"product_tag-entrenamientovocal","14":"product_tag-oratoriaprofesional","15":"product_tag-habla-publica","16":"product_tag-higiene-vocal","17":"product_tag-rehabilitacion-vocal","18":"product_tag-tecnicas-de-voz","20":"first","21":"instock","22":"downloadable","23":"shipping-taxable","24":"purchasable","25":"product-type-simple"},"_links":{"self":[{"href":"https:\/\/drjaimebracho.com\/en\/wp-json\/wp\/v2\/product\/2012","targetHints":{"allow":["GET"]}}],"collection":[{"href":"https:\/\/drjaimebracho.com\/en\/wp-json\/wp\/v2\/product"}],"about":[{"href":"https:\/\/drjaimebracho.com\/en\/wp-json\/wp\/v2\/types\/product"}],"replies":[{"embeddable":true,"href":"https:\/\/drjaimebracho.com\/en\/wp-json\/wp\/v2\/comments?post=2012"}],"version-history":[{"count":0,"href":"https:\/\/drjaimebracho.com\/en\/wp-json\/wp\/v2\/product\/2012\/revisions"}],"wp:featuredmedia":[{"embeddable":true,"href":"https:\/\/drjaimebracho.com\/en\/wp-json\/wp\/v2\/media\/2013"}],"wp:attachment":[{"href":"https:\/\/drjaimebracho.com\/en\/wp-json\/wp\/v2\/media?parent=2012"}],"wp:term":[{"taxonomy":"product_brand","embeddable":true,"href":"https:\/\/drjaimebracho.com\/en\/wp-json\/wp\/v2\/product_brand?post=2012"},{"taxonomy":"product_cat","embeddable":true,"href":"https:\/\/drjaimebracho.com\/en\/wp-json\/wp\/v2\/product_cat?post=2012"},{"taxonomy":"product_tag","embeddable":true,"href":"https:\/\/drjaimebracho.com\/en\/wp-json\/wp\/v2\/product_tag?post=2012"}],"curies":[{"name":"wp","href":"https:\/\/api.w.org\/{rel}","templated":true}]}}