{"id":1236,"date":"2024-05-12T21:14:59","date_gmt":"2024-05-12T21:14:59","guid":{"rendered":"https:\/\/drjaimebracho.com\/?post_type=product&#038;p=1236"},"modified":"2025-05-28T23:56:24","modified_gmt":"2025-05-28T23:56:24","slug":"canta-con-claridad-el-secreto-del-ultrasonido-para-el-artistas","status":"publish","type":"product","link":"https:\/\/drjaimebracho.com\/en\/product\/canta-con-claridad-el-secreto-del-ultrasonido-para-el-artistas\/","title":{"rendered":"\u00bb canta con claridad : El secreto del ultrasonido para el artistas\u00bb"},"content":{"rendered":"<p>\u00abDomina el arte de la comunicaci\u00f3n sin poner en riesgo tu voz: Gu\u00eda esencial para conferencistas y periodistas\u00bb<\/p>","protected":false},"excerpt":{"rendered":"<p>\u00abCanta con Claridad: El Secreto del Ultrasonido para el Artista\u00bb es una gu\u00eda detallada que revela c\u00f3mo el uso estrat\u00e9gico del ultrasonido puede potenciar y proteger la voz de los artistas. Descubre las t\u00e9cnicas innovadoras y los ejercicios espec\u00edficos para mejorar la claridad vocal, prevenir lesiones y optimizar tu rendimiento en el escenario. Con este e-book, podr\u00e1s dominar las herramientas que los profesionales utilizan para mantener su voz en \u00f3ptimas condiciones y destacar en cada presentaci\u00f3n.<\/p>","protected":false},"featured_media":1237,"comment_status":"open","ping_status":"closed","template":"","meta":{"neve_meta_sidebar":"","neve_meta_container":"","neve_meta_enable_content_width":"","neve_meta_content_width":0,"neve_meta_title_alignment":"","neve_meta_author_avatar":"","neve_post_elements_order":"","neve_meta_disable_header":"","neve_meta_disable_footer":"","neve_meta_disable_title":"","neve_meta_reading_time":""},"product_brand":[],"product_cat":[38,44,46],"product_tag":[39],"class_list":{"0":"post-1236","1":"product","2":"type-product","3":"status-publish","4":"has-post-thumbnail","6":"product_cat-conferencistas","7":"product_cat-periodista","8":"product_cat-ultrasonido-terapeutico","9":"product_tag-oratoriaprofesional","11":"first","12":"instock","13":"downloadable","14":"purchasable","15":"product-type-simple"},"_links":{"self":[{"href":"https:\/\/drjaimebracho.com\/en\/wp-json\/wp\/v2\/product\/1236","targetHints":{"allow":["GET"]}}],"collection":[{"href":"https:\/\/drjaimebracho.com\/en\/wp-json\/wp\/v2\/product"}],"about":[{"href":"https:\/\/drjaimebracho.com\/en\/wp-json\/wp\/v2\/types\/product"}],"replies":[{"embeddable":true,"href":"https:\/\/drjaimebracho.com\/en\/wp-json\/wp\/v2\/comments?post=1236"}],"version-history":[{"count":0,"href":"https:\/\/drjaimebracho.com\/en\/wp-json\/wp\/v2\/product\/1236\/revisions"}],"wp:featuredmedia":[{"embeddable":true,"href":"https:\/\/drjaimebracho.com\/en\/wp-json\/wp\/v2\/media\/1237"}],"wp:attachment":[{"href":"https:\/\/drjaimebracho.com\/en\/wp-json\/wp\/v2\/media?parent=1236"}],"wp:term":[{"taxonomy":"product_brand","embeddable":true,"href":"https:\/\/drjaimebracho.com\/en\/wp-json\/wp\/v2\/product_brand?post=1236"},{"taxonomy":"product_cat","embeddable":true,"href":"https:\/\/drjaimebracho.com\/en\/wp-json\/wp\/v2\/product_cat?post=1236"},{"taxonomy":"product_tag","embeddable":true,"href":"https:\/\/drjaimebracho.com\/en\/wp-json\/wp\/v2\/product_tag?post=1236"}],"curies":[{"name":"wp","href":"https:\/\/api.w.org\/{rel}","templated":true}]}}