{"id":1233,"date":"2024-05-12T21:04:56","date_gmt":"2024-05-12T21:04:56","guid":{"rendered":"https:\/\/drjaimebracho.com\/?post_type=product&#038;p=1233"},"modified":"2025-05-28T23:56:25","modified_gmt":"2025-05-28T23:56:25","slug":"cuidando-tu-instrumento-vocal-ultrasonido-terapeutico-para-artistas-musicales","status":"publish","type":"product","link":"https:\/\/drjaimebracho.com\/en\/product\/cuidando-tu-instrumento-vocal-ultrasonido-terapeutico-para-artistas-musicales\/","title":{"rendered":"Cuidando tu instrumento vocal: Ultrasonido Terap\u00e9utico para artistas musicales"},"content":{"rendered":"<p>\u00abOptimiza tu talento musical con el poder del ultrasonido terap\u00e9utico: &#8230; para artistas musicales\u00bb<\/p>","protected":false},"excerpt":{"rendered":"<p>\u00abCuidando tu Instrumento vocal: Ultrasonido Terap\u00e9utico para Artistas Musicales\u00bb es una gu\u00eda especializada que revela c\u00f3mo el ultrasonido terap\u00e9utico puede mejorar y proteger la voz de los artistas musicales. Este e-book proporciona informaci\u00f3n detallada sobre las t\u00e9cnicas y beneficios del ultrasonido en el cuidado vocal, as\u00ed como consejos pr\u00e1cticos para mantener la salud vocal y optimizar el rendimiento musical. Con enfoque en la prevenci\u00f3n de lesiones y el fortalecimiento vocal, esta gu\u00eda esencial es un recurso invaluable para aquellos que desean cuidar su instrumento m\u00e1s preciado: su voz.<\/p>","protected":false},"featured_media":1234,"comment_status":"open","ping_status":"closed","template":"","meta":{"neve_meta_sidebar":"","neve_meta_container":"","neve_meta_enable_content_width":"","neve_meta_content_width":0,"neve_meta_title_alignment":"","neve_meta_author_avatar":"","neve_post_elements_order":"","neve_meta_disable_header":"","neve_meta_disable_footer":"","neve_meta_disable_title":"","neve_meta_reading_time":""},"product_brand":[],"product_cat":[46],"product_tag":[47],"class_list":{"0":"post-1233","1":"product","2":"type-product","3":"status-publish","4":"has-post-thumbnail","6":"product_cat-ultrasonido-terapeutico","7":"product_tag-rehabilitacion-vocal","9":"first","10":"instock","11":"downloadable","12":"purchasable","13":"product-type-simple"},"_links":{"self":[{"href":"https:\/\/drjaimebracho.com\/en\/wp-json\/wp\/v2\/product\/1233","targetHints":{"allow":["GET"]}}],"collection":[{"href":"https:\/\/drjaimebracho.com\/en\/wp-json\/wp\/v2\/product"}],"about":[{"href":"https:\/\/drjaimebracho.com\/en\/wp-json\/wp\/v2\/types\/product"}],"replies":[{"embeddable":true,"href":"https:\/\/drjaimebracho.com\/en\/wp-json\/wp\/v2\/comments?post=1233"}],"version-history":[{"count":0,"href":"https:\/\/drjaimebracho.com\/en\/wp-json\/wp\/v2\/product\/1233\/revisions"}],"wp:featuredmedia":[{"embeddable":true,"href":"https:\/\/drjaimebracho.com\/en\/wp-json\/wp\/v2\/media\/1234"}],"wp:attachment":[{"href":"https:\/\/drjaimebracho.com\/en\/wp-json\/wp\/v2\/media?parent=1233"}],"wp:term":[{"taxonomy":"product_brand","embeddable":true,"href":"https:\/\/drjaimebracho.com\/en\/wp-json\/wp\/v2\/product_brand?post=1233"},{"taxonomy":"product_cat","embeddable":true,"href":"https:\/\/drjaimebracho.com\/en\/wp-json\/wp\/v2\/product_cat?post=1233"},{"taxonomy":"product_tag","embeddable":true,"href":"https:\/\/drjaimebracho.com\/en\/wp-json\/wp\/v2\/product_tag?post=1233"}],"curies":[{"name":"wp","href":"https:\/\/api.w.org\/{rel}","templated":true}]}}