{"id":1230,"date":"2024-05-12T20:49:06","date_gmt":"2024-05-12T20:49:06","guid":{"rendered":"https:\/\/drjaimebracho.com\/?post_type=product&#038;p=1230"},"modified":"2025-05-28T23:56:25","modified_gmt":"2025-05-28T23:56:25","slug":"hablar-sin-riesgos-manual-para-conferencista-y-periodistas","status":"publish","type":"product","link":"https:\/\/drjaimebracho.com\/en\/product\/hablar-sin-riesgos-manual-para-conferencista-y-periodistas\/","title":{"rendered":"Hablar sin Riesgos: manual para conferencista y periodistas"},"content":{"rendered":"<p>Dominar el arte de la comunicaci\u00f3n si poner en riesgos tu voz.<\/p>","protected":false},"excerpt":{"rendered":"<p>\u00abHablar sin Riesgos: Manual para Conferencistas y Periodistas\u00bb es una gu\u00eda completa dise\u00f1ada para aquellos que buscan mejorar su t\u00e9cnica de habla y proteger su voz durante presentaciones y comunicaciones p\u00fablicas. Este e-book ofrece consejos pr\u00e1cticos, t\u00e9cnicas de respiraci\u00f3n, ejercicios vocales y estrategias para prevenir lesiones vocales y mejorar la claridad y la confianza al hablar en p\u00fablico. Con una combinaci\u00f3n de informaci\u00f3n experta y herramientas pr\u00e1cticas, este manual esencial es una referencia imprescindible para cualquier profesional que desee hablar con claridad y seguridad en cualquier situaci\u00f3n.<\/p>","protected":false},"featured_media":1231,"comment_status":"open","ping_status":"closed","template":"","meta":{"neve_meta_sidebar":"","neve_meta_container":"","neve_meta_enable_content_width":"","neve_meta_content_width":0,"neve_meta_title_alignment":"","neve_meta_author_avatar":"","neve_post_elements_order":"","neve_meta_disable_header":"","neve_meta_disable_footer":"","neve_meta_disable_title":"","neve_meta_reading_time":""},"product_brand":[],"product_cat":[38,44],"product_tag":[45],"class_list":{"0":"post-1230","1":"product","2":"type-product","3":"status-publish","4":"has-post-thumbnail","6":"product_cat-conferencistas","7":"product_cat-periodista","8":"product_tag-habla-publica","10":"first","11":"instock","12":"downloadable","13":"purchasable","14":"product-type-simple"},"_links":{"self":[{"href":"https:\/\/drjaimebracho.com\/en\/wp-json\/wp\/v2\/product\/1230","targetHints":{"allow":["GET"]}}],"collection":[{"href":"https:\/\/drjaimebracho.com\/en\/wp-json\/wp\/v2\/product"}],"about":[{"href":"https:\/\/drjaimebracho.com\/en\/wp-json\/wp\/v2\/types\/product"}],"replies":[{"embeddable":true,"href":"https:\/\/drjaimebracho.com\/en\/wp-json\/wp\/v2\/comments?post=1230"}],"version-history":[{"count":0,"href":"https:\/\/drjaimebracho.com\/en\/wp-json\/wp\/v2\/product\/1230\/revisions"}],"wp:featuredmedia":[{"embeddable":true,"href":"https:\/\/drjaimebracho.com\/en\/wp-json\/wp\/v2\/media\/1231"}],"wp:attachment":[{"href":"https:\/\/drjaimebracho.com\/en\/wp-json\/wp\/v2\/media?parent=1230"}],"wp:term":[{"taxonomy":"product_brand","embeddable":true,"href":"https:\/\/drjaimebracho.com\/en\/wp-json\/wp\/v2\/product_brand?post=1230"},{"taxonomy":"product_cat","embeddable":true,"href":"https:\/\/drjaimebracho.com\/en\/wp-json\/wp\/v2\/product_cat?post=1230"},{"taxonomy":"product_tag","embeddable":true,"href":"https:\/\/drjaimebracho.com\/en\/wp-json\/wp\/v2\/product_tag?post=1230"}],"curies":[{"name":"wp","href":"https:\/\/api.w.org\/{rel}","templated":true}]}}