{"id":1228,"date":"2024-05-12T20:22:58","date_gmt":"2024-05-12T20:22:58","guid":{"rendered":"https:\/\/drjaimebracho.com\/?post_type=product&#038;p=1228"},"modified":"2025-05-28T23:56:25","modified_gmt":"2025-05-28T23:56:25","slug":"la-voz-diagnostico-y-tratamiento-para-conferencistas-y-oradores","status":"publish","type":"product","link":"https:\/\/drjaimebracho.com\/en\/product\/la-voz-diagnostico-y-tratamiento-para-conferencistas-y-oradores\/","title":{"rendered":"La Voz: Diagn\u00f3stico y Tratamiento para Conferencistas y Oradores"},"content":{"rendered":"<p>Gu\u00eda completa de diagn\u00f3stico y tratamiento para conferencista<\/p>","protected":false},"excerpt":{"rendered":"<p>\u00abLa Voz que Conquista: Diagn\u00f3stico y Tratamiento para Conferencistas y Oradores\u00bb es una gu\u00eda completa dise\u00f1ada espec\u00edficamente para aquellos que desean mejorar su capacidad vocal y cautivar a su audiencia. Este e-book ofrece un an\u00e1lisis detallado de los desaf\u00edos vocales m\u00e1s comunes que enfrentan los conferencistas y oradores, as\u00ed como estrategias efectivas para el diagn\u00f3stico y tratamiento de problemas vocales. Desde t\u00e9cnicas de respiraci\u00f3n hasta ejercicios de calentamiento vocal, este recurso proporciona las herramientas necesarias para desarrollar una voz s\u00f3lida, clara y convincente que impacte positivamente en cada presentaci\u00f3n.<\/p>","protected":false},"featured_media":1224,"comment_status":"open","ping_status":"closed","template":"","meta":{"neve_meta_sidebar":"","neve_meta_container":"","neve_meta_enable_content_width":"","neve_meta_content_width":0,"neve_meta_title_alignment":"","neve_meta_author_avatar":"","neve_post_elements_order":"","neve_meta_disable_header":"","neve_meta_disable_footer":"","neve_meta_disable_title":"","neve_meta_reading_time":""},"product_brand":[],"product_cat":[38,41],"product_tag":[40,39],"class_list":{"0":"post-1228","1":"product","2":"type-product","3":"status-publish","4":"has-post-thumbnail","6":"product_cat-conferencistas","7":"product_cat-oradores","8":"product_tag-entrenamientovocal","9":"product_tag-oratoriaprofesional","11":"first","12":"instock","13":"downloadable","14":"purchasable","15":"product-type-simple"},"_links":{"self":[{"href":"https:\/\/drjaimebracho.com\/en\/wp-json\/wp\/v2\/product\/1228","targetHints":{"allow":["GET"]}}],"collection":[{"href":"https:\/\/drjaimebracho.com\/en\/wp-json\/wp\/v2\/product"}],"about":[{"href":"https:\/\/drjaimebracho.com\/en\/wp-json\/wp\/v2\/types\/product"}],"replies":[{"embeddable":true,"href":"https:\/\/drjaimebracho.com\/en\/wp-json\/wp\/v2\/comments?post=1228"}],"version-history":[{"count":0,"href":"https:\/\/drjaimebracho.com\/en\/wp-json\/wp\/v2\/product\/1228\/revisions"}],"wp:featuredmedia":[{"embeddable":true,"href":"https:\/\/drjaimebracho.com\/en\/wp-json\/wp\/v2\/media\/1224"}],"wp:attachment":[{"href":"https:\/\/drjaimebracho.com\/en\/wp-json\/wp\/v2\/media?parent=1228"}],"wp:term":[{"taxonomy":"product_brand","embeddable":true,"href":"https:\/\/drjaimebracho.com\/en\/wp-json\/wp\/v2\/product_brand?post=1228"},{"taxonomy":"product_cat","embeddable":true,"href":"https:\/\/drjaimebracho.com\/en\/wp-json\/wp\/v2\/product_cat?post=1228"},{"taxonomy":"product_tag","embeddable":true,"href":"https:\/\/drjaimebracho.com\/en\/wp-json\/wp\/v2\/product_tag?post=1228"}],"curies":[{"name":"wp","href":"https:\/\/api.w.org\/{rel}","templated":true}]}}