{"id":1221,"date":"2024-05-12T16:34:28","date_gmt":"2024-05-12T16:34:28","guid":{"rendered":"https:\/\/drjaimebracho.com\/?post_type=product&#038;p=1221"},"modified":"2025-05-28T23:56:25","modified_gmt":"2025-05-28T23:56:25","slug":"canta-sin-limites-secretos-del-uso-adecuado-de-la-voz","status":"publish","type":"product","link":"https:\/\/drjaimebracho.com\/en\/product\/canta-sin-limites-secretos-del-uso-adecuado-de-la-voz\/","title":{"rendered":"Canta sin L\u00edmites: Secretos del Uso Adecuado de la Voz"},"content":{"rendered":"<p>\u00a0\u00abDescubre los Secretos para Cantar Sin L\u00edmites: Domina el Cuidado Adecuado de tu Voz\u00bb<\/p>","protected":false},"excerpt":{"rendered":"<p>Este libro es una gu\u00eda completa para aquellos que desean mejorar su t\u00e9cnica vocal y maximizar su potencial como cantantes. Explora los secretos detr\u00e1s del uso adecuado de la voz, incluyendo t\u00e9cnicas de respiraci\u00f3n, cuidado vocal, calentamiento y enfriamiento vocal, proyecci\u00f3n de la voz y mucho m\u00e1s. Descubre c\u00f3mo mantener una voz saludable y potente, evitando lesiones y optimizando tu rendimiento vocal. Con este libro, podr\u00e1s desarrollar tu voz de manera efectiva y alcanzar nuevos l\u00edmites en tu carrera musical.<\/p>","protected":false},"featured_media":1222,"comment_status":"open","ping_status":"closed","template":"","meta":{"neve_meta_sidebar":"","neve_meta_container":"","neve_meta_enable_content_width":"","neve_meta_content_width":0,"neve_meta_title_alignment":"","neve_meta_author_avatar":"","neve_post_elements_order":"","neve_meta_disable_header":"","neve_meta_disable_footer":"","neve_meta_disable_title":"","neve_meta_reading_time":""},"product_brand":[],"product_cat":[42],"product_tag":[43],"class_list":{"0":"post-1221","1":"product","2":"type-product","3":"status-publish","4":"has-post-thumbnail","6":"product_cat-salud-vocal","7":"product_tag-tecnicas-de-voz","9":"first","10":"instock","11":"downloadable","12":"purchasable","13":"product-type-simple"},"_links":{"self":[{"href":"https:\/\/drjaimebracho.com\/en\/wp-json\/wp\/v2\/product\/1221","targetHints":{"allow":["GET"]}}],"collection":[{"href":"https:\/\/drjaimebracho.com\/en\/wp-json\/wp\/v2\/product"}],"about":[{"href":"https:\/\/drjaimebracho.com\/en\/wp-json\/wp\/v2\/types\/product"}],"replies":[{"embeddable":true,"href":"https:\/\/drjaimebracho.com\/en\/wp-json\/wp\/v2\/comments?post=1221"}],"version-history":[{"count":0,"href":"https:\/\/drjaimebracho.com\/en\/wp-json\/wp\/v2\/product\/1221\/revisions"}],"wp:featuredmedia":[{"embeddable":true,"href":"https:\/\/drjaimebracho.com\/en\/wp-json\/wp\/v2\/media\/1222"}],"wp:attachment":[{"href":"https:\/\/drjaimebracho.com\/en\/wp-json\/wp\/v2\/media?parent=1221"}],"wp:term":[{"taxonomy":"product_brand","embeddable":true,"href":"https:\/\/drjaimebracho.com\/en\/wp-json\/wp\/v2\/product_brand?post=1221"},{"taxonomy":"product_cat","embeddable":true,"href":"https:\/\/drjaimebracho.com\/en\/wp-json\/wp\/v2\/product_cat?post=1221"},{"taxonomy":"product_tag","embeddable":true,"href":"https:\/\/drjaimebracho.com\/en\/wp-json\/wp\/v2\/product_tag?post=1221"}],"curies":[{"name":"wp","href":"https:\/\/api.w.org\/{rel}","templated":true}]}}