{"id":1134,"date":"2024-05-12T12:45:29","date_gmt":"2024-05-12T12:45:29","guid":{"rendered":"https:\/\/drjaimebracho.com\/carrito\/"},"modified":"2025-04-27T18:48:06","modified_gmt":"2025-04-27T18:48:06","slug":"carrito","status":"publish","type":"page","link":"https:\/\/drjaimebracho.com\/en\/carrito\/","title":{"rendered":"Carrito"},"content":{"rendered":"<div data-elementor-type=\"wp-page\" data-elementor-id=\"1134\" class=\"elementor elementor-1134\">\n\t\t\t\t<div class=\"elementor-element elementor-element-01685fd e-flex e-con-boxed e-con e-parent\" data-id=\"01685fd\" data-element_type=\"container\" data-e-type=\"container\">\n\t\t\t\t\t<div class=\"e-con-inner\">\n\t\t\t\t<div class=\"elementor-element elementor-element-fc41031 elementor-widget elementor-widget-woocommerce-cart\" data-id=\"fc41031\" data-element_type=\"widget\" data-e-type=\"widget\" data-widget_type=\"woocommerce-cart.default\">\n\t\t\t\t<div class=\"elementor-widget-container\">\n\t\t\t\t\t \t\t\t\t<\/div>\n\t\t\t\t<\/div>\n\t\t\t\t\t<\/div>\n\t\t\t\t<\/div>\n\t\t\t\t<\/div>","protected":false},"excerpt":{"rendered":"<p>Eliminar art\u00edculo Imagen en miniatura Producto Precio Cantidad Subtotal &times; \u00bb canta con claridad : El secreto del ultrasonido para el artistas\u00bb &#36;10,00 &quot; canta con claridad : El secreto del ultrasonido para el artistas&quot; cantidad &#36;20,00 Aplicar el cup\u00f3n Totales del carrito Subtotal &#36;20,00 Env\u00edo Free shipping Enviar a Miranda. Cambiar direcci\u00f3n Pa\u00eds o&hellip;&nbsp;<\/p>\n<div class=\"read-more-wrapper\"><a href=\"https:\/\/drjaimebracho.com\/en\/carrito\/\" class=\"button button-primary\" rel=\"bookmark\">Read More<span class=\"screen-reader-text\">Carrito<\/span><\/a><\/div>","protected":false},"author":1,"featured_media":0,"parent":0,"menu_order":0,"comment_status":"closed","ping_status":"closed","template":"","meta":{"neve_meta_sidebar":"","neve_meta_container":"","neve_meta_enable_content_width":"","neve_meta_content_width":0,"neve_meta_title_alignment":"","neve_meta_author_avatar":"","neve_post_elements_order":"","neve_meta_disable_header":"","neve_meta_disable_footer":"","neve_meta_disable_title":"","neve_meta_reading_time":"","footnotes":""},"class_list":["post-1134","page","type-page","status-publish","hentry"],"_links":{"self":[{"href":"https:\/\/drjaimebracho.com\/en\/wp-json\/wp\/v2\/pages\/1134","targetHints":{"allow":["GET"]}}],"collection":[{"href":"https:\/\/drjaimebracho.com\/en\/wp-json\/wp\/v2\/pages"}],"about":[{"href":"https:\/\/drjaimebracho.com\/en\/wp-json\/wp\/v2\/types\/page"}],"author":[{"embeddable":true,"href":"https:\/\/drjaimebracho.com\/en\/wp-json\/wp\/v2\/users\/1"}],"replies":[{"embeddable":true,"href":"https:\/\/drjaimebracho.com\/en\/wp-json\/wp\/v2\/comments?post=1134"}],"version-history":[{"count":10,"href":"https:\/\/drjaimebracho.com\/en\/wp-json\/wp\/v2\/pages\/1134\/revisions"}],"predecessor-version":[{"id":1268,"href":"https:\/\/drjaimebracho.com\/en\/wp-json\/wp\/v2\/pages\/1134\/revisions\/1268"}],"wp:attachment":[{"href":"https:\/\/drjaimebracho.com\/en\/wp-json\/wp\/v2\/media?parent=1134"}],"curies":[{"name":"wp","href":"https:\/\/api.w.org\/{rel}","templated":true}]}}